{"id":363,"date":"2025-09-23T10:24:45","date_gmt":"2025-09-23T08:24:45","guid":{"rendered":"https:\/\/cospetica.com\/?page_id=363"},"modified":"2025-10-10T08:50:47","modified_gmt":"2025-10-10T06:50:47","slug":"portfolio","status":"publish","type":"page","link":"https:\/\/cospetica.com\/?page_id=363","title":{"rendered":"Portfolio"},"content":{"rendered":"\t\t<div data-elementor-type=\"wp-page\" data-elementor-id=\"363\" class=\"elementor elementor-363\" data-elementor-post-type=\"page\">\n\t\t\t\t<div class=\"elementor-element elementor-element-f57a909 e-con-full e-flex e-con e-parent\" data-id=\"f57a909\" data-element_type=\"container\" data-settings=\"{&quot;background_background&quot;:&quot;classic&quot;}\">\n\t\t<div class=\"elementor-element elementor-element-14bb2cb1 e-con-full e-flex e-con e-child\" data-id=\"14bb2cb1\" data-element_type=\"container\">\n\t\t\t\t<div class=\"elementor-element elementor-element-693a71ea elementor-widget elementor-widget-heading\" data-id=\"693a71ea\" data-element_type=\"widget\" data-widget_type=\"heading.default\">\n\t\t\t\t\t<h1 class=\"elementor-heading-title elementor-size-default\">Nos produits<\/h1>\t\t\t\t<\/div>\n\t\t\t\t<div class=\"elementor-element elementor-element-152ac140 elementor-widget elementor-widget-heading\" data-id=\"152ac140\" data-element_type=\"widget\" data-widget_type=\"heading.default\">\n\t\t\t\t\t<h5 class=\"elementor-heading-title elementor-size-default\">Explorez nos gammes d\u00e9di\u00e9es : <em data-start=\"244\" data-end=\"261\" data-is-only-node=\"\">Chiens et Chats<\/em>  &amp; <em data-start=\"265\" data-end=\"274\">Chevaux<\/em>.<\/h5>\t\t\t\t<\/div>\n\t\t\t\t<\/div>\n\t\t<div class=\"elementor-element elementor-element-3231a33b e-con-full e-flex e-con e-child\" data-id=\"3231a33b\" data-element_type=\"container\">\n\t\t\t\t<div class=\"elementor-element elementor-element-3bebec3c elementor-widget__width-inherit elementor-widget elementor-widget-image\" data-id=\"3bebec3c\" data-element_type=\"widget\" data-widget_type=\"image.default\">\n\t\t\t\t\t\t\t\t\t\t\t\t\t\t\t<img fetchpriority=\"high\" decoding=\"async\" width=\"2439\" height=\"2560\" src=\"https:\/\/cospetica.com\/wp-content\/uploads\/2025\/10\/P1220348-scaled.jpg\" class=\"attachment-full size-full wp-image-693\" alt=\"\" srcset=\"https:\/\/cospetica.com\/wp-content\/uploads\/2025\/10\/P1220348-scaled.jpg 2439w, https:\/\/cospetica.com\/wp-content\/uploads\/2025\/10\/P1220348-286x300.jpg 286w, https:\/\/cospetica.com\/wp-content\/uploads\/2025\/10\/P1220348-976x1024.jpg 976w, https:\/\/cospetica.com\/wp-content\/uploads\/2025\/10\/P1220348-768x806.jpg 768w, https:\/\/cospetica.com\/wp-content\/uploads\/2025\/10\/P1220348-1463x1536.jpg 1463w, https:\/\/cospetica.com\/wp-content\/uploads\/2025\/10\/P1220348-1951x2048.jpg 1951w, https:\/\/cospetica.com\/wp-content\/uploads\/2025\/10\/P1220348-11x12.jpg 11w\" sizes=\"(max-width: 2439px) 100vw, 2439px\" \/>\t\t\t\t\t\t\t\t\t\t\t\t\t\t\t<\/div>\n\t\t\t\t<\/div>\n\t\t\t\t<\/div>\n\t\t<div class=\"elementor-element elementor-element-57599f e-flex e-con-boxed e-con e-parent\" data-id=\"57599f\" data-element_type=\"container\">\n\t\t\t\t\t<div class=\"e-con-inner\">\n\t\t\t\t<div class=\"elementor-element elementor-element-2f46174 elementor-widget elementor-widget-heading\" data-id=\"2f46174\" data-element_type=\"widget\" data-widget_type=\"heading.default\">\n\t\t\t\t\t<h2 class=\"elementor-heading-title elementor-size-default\">Chiens et chats<\/h2>\t\t\t\t<\/div>\n\t\t\t\t<div class=\"elementor-element elementor-element-76aad602 gallery-spacing-custom elementor-widget elementor-widget-image-gallery\" data-id=\"76aad602\" data-element_type=\"widget\" data-widget_type=\"image-gallery.default\">\n\t\t\t\t\t\t\t<div class=\"elementor-image-gallery\">\n\t\t\t<div id='gallery-1' class='gallery galleryid-363 gallery-columns-3 gallery-size-full'><figure class='gallery-item'>\n\t\t\t<div class='gallery-icon portrait'>\n\t\t\t\t<img decoding=\"async\" width=\"721\" height=\"998\" src=\"https:\/\/cospetica.com\/wp-content\/uploads\/2025\/10\/COSPETICA-PRODUIT_Plan-de-travail-1-01.png\" class=\"attachment-full size-full\" alt=\"Pet Care - Stick baume protecteur - Coussinets\" aria-describedby=\"gallery-1-649\" srcset=\"https:\/\/cospetica.com\/wp-content\/uploads\/2025\/10\/COSPETICA-PRODUIT_Plan-de-travail-1-01.png 721w, https:\/\/cospetica.com\/wp-content\/uploads\/2025\/10\/COSPETICA-PRODUIT_Plan-de-travail-1-01-217x300.png 217w, https:\/\/cospetica.com\/wp-content\/uploads\/2025\/10\/COSPETICA-PRODUIT_Plan-de-travail-1-01-9x12.png 9w\" sizes=\"(max-width: 721px) 100vw, 721px\" \/>\n\t\t\t<\/div>\n\t\t\t\t<figcaption class='wp-caption-text gallery-caption' id='gallery-1-649'>\n\t\t\t\tStick baume protecteur &#8211; Coussinets\n\t\t\t\t<\/figcaption><\/figure><figure class='gallery-item'>\n\t\t\t<div class='gallery-icon portrait'>\n\t\t\t\t<img decoding=\"async\" width=\"721\" height=\"998\" src=\"https:\/\/cospetica.com\/wp-content\/uploads\/2025\/10\/COSPETICA-PRODUIT_Plan-de-travail-1-11.png\" class=\"attachment-full size-full\" alt=\"Pet Care - Shampoing r\u00e9\u00e9quilibrant - Anti-s\u00e9borrh\u00e9ique\" aria-describedby=\"gallery-1-647\" srcset=\"https:\/\/cospetica.com\/wp-content\/uploads\/2025\/10\/COSPETICA-PRODUIT_Plan-de-travail-1-11.png 721w, https:\/\/cospetica.com\/wp-content\/uploads\/2025\/10\/COSPETICA-PRODUIT_Plan-de-travail-1-11-217x300.png 217w, https:\/\/cospetica.com\/wp-content\/uploads\/2025\/10\/COSPETICA-PRODUIT_Plan-de-travail-1-11-9x12.png 9w\" sizes=\"(max-width: 721px) 100vw, 721px\" \/>\n\t\t\t<\/div>\n\t\t\t\t<figcaption class='wp-caption-text gallery-caption' id='gallery-1-647'>\n\t\t\t\tShampoing r\u00e9\u00e9quilibrant &#8211; Anti-s\u00e9borrh\u00e9ique\n\t\t\t\t<\/figcaption><\/figure><figure class='gallery-item'>\n\t\t\t<div class='gallery-icon portrait'>\n\t\t\t\t<img loading=\"lazy\" decoding=\"async\" width=\"721\" height=\"998\" src=\"https:\/\/cospetica.com\/wp-content\/uploads\/2025\/10\/COSPETICA-PRODUIT_Plan-de-travail-1-07.png\" class=\"attachment-full size-full\" alt=\"Pet Care - Shampooing douceur quotidien - Tous pelages\" aria-describedby=\"gallery-1-643\" srcset=\"https:\/\/cospetica.com\/wp-content\/uploads\/2025\/10\/COSPETICA-PRODUIT_Plan-de-travail-1-07.png 721w, https:\/\/cospetica.com\/wp-content\/uploads\/2025\/10\/COSPETICA-PRODUIT_Plan-de-travail-1-07-217x300.png 217w, https:\/\/cospetica.com\/wp-content\/uploads\/2025\/10\/COSPETICA-PRODUIT_Plan-de-travail-1-07-9x12.png 9w\" sizes=\"(max-width: 721px) 100vw, 721px\" \/>\n\t\t\t<\/div>\n\t\t\t\t<figcaption class='wp-caption-text gallery-caption' id='gallery-1-643'>\n\t\t\t\tShampooing douceur quotidien &#8211; Tous pelages\n\t\t\t\t<\/figcaption><\/figure><figure class='gallery-item'>\n\t\t\t<div class='gallery-icon portrait'>\n\t\t\t\t<img loading=\"lazy\" decoding=\"async\" width=\"721\" height=\"998\" src=\"https:\/\/cospetica.com\/wp-content\/uploads\/2025\/10\/COSPETICA-PRODUIT_Plan-de-travail-1-06.png\" class=\"attachment-full size-full\" alt=\"Pet Care - Shampooing peaux sensibles - Soin apaisant\" aria-describedby=\"gallery-1-642\" srcset=\"https:\/\/cospetica.com\/wp-content\/uploads\/2025\/10\/COSPETICA-PRODUIT_Plan-de-travail-1-06.png 721w, https:\/\/cospetica.com\/wp-content\/uploads\/2025\/10\/COSPETICA-PRODUIT_Plan-de-travail-1-06-217x300.png 217w, https:\/\/cospetica.com\/wp-content\/uploads\/2025\/10\/COSPETICA-PRODUIT_Plan-de-travail-1-06-9x12.png 9w\" sizes=\"(max-width: 721px) 100vw, 721px\" \/>\n\t\t\t<\/div>\n\t\t\t\t<figcaption class='wp-caption-text gallery-caption' id='gallery-1-642'>\n\t\t\t\tShampooing peaux sensibles &#8211; Soin apaisant\n\t\t\t\t<\/figcaption><\/figure><figure class='gallery-item'>\n\t\t\t<div class='gallery-icon portrait'>\n\t\t\t\t<img loading=\"lazy\" decoding=\"async\" width=\"721\" height=\"998\" src=\"https:\/\/cospetica.com\/wp-content\/uploads\/2025\/10\/COSPETICA-PRODUIT_Plan-de-travail-1-05.png\" class=\"attachment-full size-full\" alt=\"Pet Care - D\u00e9m\u00ealant \u00e9clat sublimateur - Sans rin\u00e7age\" aria-describedby=\"gallery-1-641\" srcset=\"https:\/\/cospetica.com\/wp-content\/uploads\/2025\/10\/COSPETICA-PRODUIT_Plan-de-travail-1-05.png 721w, https:\/\/cospetica.com\/wp-content\/uploads\/2025\/10\/COSPETICA-PRODUIT_Plan-de-travail-1-05-217x300.png 217w, https:\/\/cospetica.com\/wp-content\/uploads\/2025\/10\/COSPETICA-PRODUIT_Plan-de-travail-1-05-9x12.png 9w\" sizes=\"(max-width: 721px) 100vw, 721px\" \/>\n\t\t\t<\/div>\n\t\t\t\t<figcaption class='wp-caption-text gallery-caption' id='gallery-1-641'>\n\t\t\t\tD\u00e9m\u00ealant \u00e9clat sublimateur &#8211; Sans rin\u00e7age\n\t\t\t\t<\/figcaption><\/figure><figure class='gallery-item'>\n\t\t\t<div class='gallery-icon portrait'>\n\t\t\t\t<img loading=\"lazy\" decoding=\"async\" width=\"721\" height=\"998\" src=\"https:\/\/cospetica.com\/wp-content\/uploads\/2025\/10\/COSPETICA-PRODUIT_Plan-de-travail-1-04.png\" class=\"attachment-full size-full\" alt=\"Pet Care - Mousse nettoyante douce - Tous pelages\" aria-describedby=\"gallery-1-640\" srcset=\"https:\/\/cospetica.com\/wp-content\/uploads\/2025\/10\/COSPETICA-PRODUIT_Plan-de-travail-1-04.png 721w, https:\/\/cospetica.com\/wp-content\/uploads\/2025\/10\/COSPETICA-PRODUIT_Plan-de-travail-1-04-217x300.png 217w, https:\/\/cospetica.com\/wp-content\/uploads\/2025\/10\/COSPETICA-PRODUIT_Plan-de-travail-1-04-9x12.png 9w\" sizes=\"(max-width: 721px) 100vw, 721px\" \/>\n\t\t\t<\/div>\n\t\t\t\t<figcaption class='wp-caption-text gallery-caption' id='gallery-1-640'>\n\t\t\t\tMousse nettoyante douce &#8211; Tous pelages\n\t\t\t\t<\/figcaption><\/figure><figure class='gallery-item'>\n\t\t\t<div class='gallery-icon portrait'>\n\t\t\t\t<img loading=\"lazy\" decoding=\"async\" width=\"721\" height=\"998\" src=\"https:\/\/cospetica.com\/wp-content\/uploads\/2025\/10\/COSPETICA-PRODUIT_Plan-de-travail-1-03.png\" class=\"attachment-full size-full\" alt=\"Pet Care - D\u00e9m\u00ealant soin intense - Poils longs\" aria-describedby=\"gallery-1-639\" srcset=\"https:\/\/cospetica.com\/wp-content\/uploads\/2025\/10\/COSPETICA-PRODUIT_Plan-de-travail-1-03.png 721w, https:\/\/cospetica.com\/wp-content\/uploads\/2025\/10\/COSPETICA-PRODUIT_Plan-de-travail-1-03-217x300.png 217w, https:\/\/cospetica.com\/wp-content\/uploads\/2025\/10\/COSPETICA-PRODUIT_Plan-de-travail-1-03-9x12.png 9w\" sizes=\"(max-width: 721px) 100vw, 721px\" \/>\n\t\t\t<\/div>\n\t\t\t\t<figcaption class='wp-caption-text gallery-caption' id='gallery-1-639'>\n\t\t\t\tD\u00e9m\u00ealant soin intense &#8211; Poils longs \n\t\t\t\t<\/figcaption><\/figure>\n\t\t<\/div>\n\t\t<\/div>\n\t\t\t\t\t\t<\/div>\n\t\t<div class=\"elementor-element elementor-element-a4e06b3 e-con-full e-flex e-con e-child\" data-id=\"a4e06b3\" data-element_type=\"container\">\n\t\t\t\t<\/div>\n\t\t\t\t\t<\/div>\n\t\t\t\t<\/div>\n\t\t<div class=\"elementor-element elementor-element-00df2c4 e-flex e-con-boxed e-con e-parent\" data-id=\"00df2c4\" data-element_type=\"container\" data-settings=\"{&quot;background_background&quot;:&quot;classic&quot;}\">\n\t\t\t\t\t<div class=\"e-con-inner\">\n\t\t\t\t<div class=\"elementor-element elementor-element-005fc9c elementor-widget elementor-widget-heading\" data-id=\"005fc9c\" data-element_type=\"widget\" data-widget_type=\"heading.default\">\n\t\t\t\t\t<h2 class=\"elementor-heading-title elementor-size-default\">Chevaux<\/h2>\t\t\t\t<\/div>\n\t\t\t\t<div class=\"elementor-element elementor-element-4f756a9 gallery-spacing-custom elementor-widget elementor-widget-image-gallery\" data-id=\"4f756a9\" data-element_type=\"widget\" data-widget_type=\"image-gallery.default\">\n\t\t\t\t\t\t\t<div class=\"elementor-image-gallery\">\n\t\t\t<div id='gallery-2' class='gallery galleryid-363 gallery-columns-3 gallery-size-full'><figure class='gallery-item'>\n\t\t\t<div class='gallery-icon portrait'>\n\t\t\t\t<img loading=\"lazy\" decoding=\"async\" width=\"721\" height=\"998\" src=\"https:\/\/cospetica.com\/wp-content\/uploads\/2025\/10\/COSPETICA-PRODUIT_Plan-de-travail-1-12.png\" class=\"attachment-full size-full\" alt=\"Pet Care - Shampooing \u00e9clat - Robe et cins clairs\" aria-describedby=\"gallery-2-648\" srcset=\"https:\/\/cospetica.com\/wp-content\/uploads\/2025\/10\/COSPETICA-PRODUIT_Plan-de-travail-1-12.png 721w, https:\/\/cospetica.com\/wp-content\/uploads\/2025\/10\/COSPETICA-PRODUIT_Plan-de-travail-1-12-217x300.png 217w, https:\/\/cospetica.com\/wp-content\/uploads\/2025\/10\/COSPETICA-PRODUIT_Plan-de-travail-1-12-9x12.png 9w\" sizes=\"(max-width: 721px) 100vw, 721px\" \/>\n\t\t\t<\/div>\n\t\t\t\t<figcaption class='wp-caption-text gallery-caption' id='gallery-2-648'>\n\t\t\t\tShampooing \u00e9clat &#8211; Robe et crins clairs\n\t\t\t\t<\/figcaption><\/figure><figure class='gallery-item'>\n\t\t\t<div class='gallery-icon portrait'>\n\t\t\t\t<img loading=\"lazy\" decoding=\"async\" width=\"721\" height=\"998\" src=\"https:\/\/cospetica.com\/wp-content\/uploads\/2025\/10\/COSPETICA-PRODUIT_Plan-de-travail-1-09.png\" class=\"attachment-full size-full\" alt=\"Pet Care - Spray d\u00e9m\u00ealant soyeux - Sans rin\u00e7age\" aria-describedby=\"gallery-2-645\" srcset=\"https:\/\/cospetica.com\/wp-content\/uploads\/2025\/10\/COSPETICA-PRODUIT_Plan-de-travail-1-09.png 721w, https:\/\/cospetica.com\/wp-content\/uploads\/2025\/10\/COSPETICA-PRODUIT_Plan-de-travail-1-09-217x300.png 217w, https:\/\/cospetica.com\/wp-content\/uploads\/2025\/10\/COSPETICA-PRODUIT_Plan-de-travail-1-09-9x12.png 9w\" sizes=\"(max-width: 721px) 100vw, 721px\" \/>\n\t\t\t<\/div>\n\t\t\t\t<figcaption class='wp-caption-text gallery-caption' id='gallery-2-645'>\n\t\t\t\tSpray d\u00e9m\u00ealant soyeux &#8211; Sans rin\u00e7age\n\t\t\t\t<\/figcaption><\/figure><figure class='gallery-item'>\n\t\t\t<div class='gallery-icon portrait'>\n\t\t\t\t<img loading=\"lazy\" decoding=\"async\" width=\"721\" height=\"998\" src=\"https:\/\/cospetica.com\/wp-content\/uploads\/2025\/10\/COSPETICA-PRODUIT_Plan-de-travail-1-10.png\" class=\"attachment-full size-full\" alt=\"Pet Care - Huile sublimatrice - Sans rin\u00e7age\" aria-describedby=\"gallery-2-646\" srcset=\"https:\/\/cospetica.com\/wp-content\/uploads\/2025\/10\/COSPETICA-PRODUIT_Plan-de-travail-1-10.png 721w, https:\/\/cospetica.com\/wp-content\/uploads\/2025\/10\/COSPETICA-PRODUIT_Plan-de-travail-1-10-217x300.png 217w, https:\/\/cospetica.com\/wp-content\/uploads\/2025\/10\/COSPETICA-PRODUIT_Plan-de-travail-1-10-9x12.png 9w\" sizes=\"(max-width: 721px) 100vw, 721px\" \/>\n\t\t\t<\/div>\n\t\t\t\t<figcaption class='wp-caption-text gallery-caption' id='gallery-2-646'>\n\t\t\t\tHuile sublimatrice &#8211; Sans rin\u00e7age\n\t\t\t\t<\/figcaption><\/figure><figure class='gallery-item'>\n\t\t\t<div class='gallery-icon portrait'>\n\t\t\t\t<img loading=\"lazy\" decoding=\"async\" width=\"721\" height=\"998\" src=\"https:\/\/cospetica.com\/wp-content\/uploads\/2025\/10\/COSPETICA-PRODUIT_Plan-de-travail-1-08.png\" class=\"attachment-full size-full\" alt=\"Pet Care - Onguent protecteur - Soin sabots\" aria-describedby=\"gallery-2-644\" srcset=\"https:\/\/cospetica.com\/wp-content\/uploads\/2025\/10\/COSPETICA-PRODUIT_Plan-de-travail-1-08.png 721w, https:\/\/cospetica.com\/wp-content\/uploads\/2025\/10\/COSPETICA-PRODUIT_Plan-de-travail-1-08-217x300.png 217w, https:\/\/cospetica.com\/wp-content\/uploads\/2025\/10\/COSPETICA-PRODUIT_Plan-de-travail-1-08-9x12.png 9w\" sizes=\"(max-width: 721px) 100vw, 721px\" \/>\n\t\t\t<\/div>\n\t\t\t\t<figcaption class='wp-caption-text gallery-caption' id='gallery-2-644'>\n\t\t\t\tOnguent protecteur &#8211; Soin sabots\n\t\t\t\t<\/figcaption><\/figure><figure class='gallery-item'>\n\t\t\t<div class='gallery-icon portrait'>\n\t\t\t\t<img loading=\"lazy\" decoding=\"async\" width=\"721\" height=\"998\" src=\"https:\/\/cospetica.com\/wp-content\/uploads\/2025\/10\/Sans-titre-1_Plan-de-travail-1-13.png\" class=\"attachment-full size-full\" alt=\"Pet Care - Shampooing vitalit\u00e9 - Robe et crins\" aria-describedby=\"gallery-2-695\" srcset=\"https:\/\/cospetica.com\/wp-content\/uploads\/2025\/10\/Sans-titre-1_Plan-de-travail-1-13.png 721w, https:\/\/cospetica.com\/wp-content\/uploads\/2025\/10\/Sans-titre-1_Plan-de-travail-1-13-217x300.png 217w, https:\/\/cospetica.com\/wp-content\/uploads\/2025\/10\/Sans-titre-1_Plan-de-travail-1-13-9x12.png 9w\" sizes=\"(max-width: 721px) 100vw, 721px\" \/>\n\t\t\t<\/div>\n\t\t\t\t<figcaption class='wp-caption-text gallery-caption' id='gallery-2-695'>\n\t\t\t\tShampooing vitalit\u00e9 &#8211; Robe et crins\n\t\t\t\t<\/figcaption><\/figure>\n\t\t<\/div>\n\t\t<\/div>\n\t\t\t\t\t\t<\/div>\n\t\t<div class=\"elementor-element elementor-element-505c903 e-con-full e-flex e-con e-child\" data-id=\"505c903\" data-element_type=\"container\">\n\t\t\t\t<\/div>\n\t\t\t\t\t<\/div>\n\t\t\t\t<\/div>\n\t\t\t\t<\/div>\n\t\t","protected":false},"excerpt":{"rendered":"<p>Nos produits Explorez nos gammes d\u00e9di\u00e9es : Chiens et Chats &amp; Chevaux. Chiens et chats Stick baume protecteur &#8211; Coussinets Shampoing r\u00e9\u00e9quilibrant &#8211; Anti-s\u00e9borrh\u00e9ique Shampooing douceur quotidien &#8211; Tous pelages Shampooing peaux sensibles &#8211; Soin apaisant D\u00e9m\u00ealant \u00e9clat sublimateur &#8211; Sans rin\u00e7age Mousse nettoyante douce &#8211; Tous pelages D\u00e9m\u00ealant soin intense &#8211; Poils longs Chevaux [&hellip;]<\/p>\n","protected":false},"author":2,"featured_media":0,"parent":0,"menu_order":0,"comment_status":"closed","ping_status":"closed","template":"elementor_header_footer","meta":{"footnotes":""},"class_list":["post-363","page","type-page","status-publish","hentry"],"yoast_head":"<!-- This site is optimized with the Yoast SEO plugin v26.8 - https:\/\/yoast.com\/product\/yoast-seo-wordpress\/ -->\n<title>Portfolio - Cospetica<\/title>\n<meta name=\"robots\" content=\"index, follow, max-snippet:-1, max-image-preview:large, max-video-preview:-1\" \/>\n<link rel=\"canonical\" href=\"https:\/\/cospetica.com\/?page_id=363\" \/>\n<meta property=\"og:locale\" content=\"fr_FR\" \/>\n<meta property=\"og:type\" content=\"article\" \/>\n<meta property=\"og:title\" content=\"Portfolio - Cospetica\" \/>\n<meta property=\"og:description\" content=\"Nos produits Explorez nos gammes d\u00e9di\u00e9es : Chiens et Chats &amp; Chevaux. Chiens et chats Stick baume protecteur &#8211; Coussinets Shampoing r\u00e9\u00e9quilibrant &#8211; Anti-s\u00e9borrh\u00e9ique Shampooing douceur quotidien &#8211; Tous pelages Shampooing peaux sensibles &#8211; Soin apaisant D\u00e9m\u00ealant \u00e9clat sublimateur &#8211; Sans rin\u00e7age Mousse nettoyante douce &#8211; Tous pelages D\u00e9m\u00ealant soin intense &#8211; Poils longs Chevaux [&hellip;]\" \/>\n<meta property=\"og:url\" content=\"https:\/\/cospetica.com\/?page_id=363\" \/>\n<meta property=\"og:site_name\" content=\"Cospetica\" \/>\n<meta property=\"article:modified_time\" content=\"2025-10-10T06:50:47+00:00\" \/>\n<meta property=\"og:image\" content=\"http:\/\/cospetica.com\/wp-content\/uploads\/2025\/10\/P1220348-scaled.jpg\" \/>\n<meta name=\"twitter:card\" content=\"summary_large_image\" \/>\n<meta name=\"twitter:label1\" content=\"Dur\u00e9e de lecture estim\u00e9e\" \/>\n\t<meta name=\"twitter:data1\" content=\"3 minutes\" \/>\n<script type=\"application\/ld+json\" class=\"yoast-schema-graph\">{\"@context\":\"https:\/\/schema.org\",\"@graph\":[{\"@type\":\"WebPage\",\"@id\":\"https:\/\/cospetica.com\/?page_id=363\",\"url\":\"https:\/\/cospetica.com\/?page_id=363\",\"name\":\"Portfolio - Cospetica\",\"isPartOf\":{\"@id\":\"https:\/\/cospetica.com\/#website\"},\"primaryImageOfPage\":{\"@id\":\"https:\/\/cospetica.com\/?page_id=363#primaryimage\"},\"image\":{\"@id\":\"https:\/\/cospetica.com\/?page_id=363#primaryimage\"},\"thumbnailUrl\":\"http:\/\/cospetica.com\/wp-content\/uploads\/2025\/10\/P1220348-scaled.jpg\",\"datePublished\":\"2025-09-23T08:24:45+00:00\",\"dateModified\":\"2025-10-10T06:50:47+00:00\",\"breadcrumb\":{\"@id\":\"https:\/\/cospetica.com\/?page_id=363#breadcrumb\"},\"inLanguage\":\"fr-FR\",\"potentialAction\":[{\"@type\":\"ReadAction\",\"target\":[\"https:\/\/cospetica.com\/?page_id=363\"]}]},{\"@type\":\"ImageObject\",\"inLanguage\":\"fr-FR\",\"@id\":\"https:\/\/cospetica.com\/?page_id=363#primaryimage\",\"url\":\"https:\/\/cospetica.com\/wp-content\/uploads\/2025\/10\/P1220348-scaled.jpg\",\"contentUrl\":\"https:\/\/cospetica.com\/wp-content\/uploads\/2025\/10\/P1220348-scaled.jpg\",\"width\":2439,\"height\":2560},{\"@type\":\"BreadcrumbList\",\"@id\":\"https:\/\/cospetica.com\/?page_id=363#breadcrumb\",\"itemListElement\":[{\"@type\":\"ListItem\",\"position\":1,\"name\":\"Accueil\",\"item\":\"https:\/\/cospetica.com\/\"},{\"@type\":\"ListItem\",\"position\":2,\"name\":\"Portfolio\"}]},{\"@type\":\"WebSite\",\"@id\":\"https:\/\/cospetica.com\/#website\",\"url\":\"https:\/\/cospetica.com\/\",\"name\":\"Cospetica\",\"description\":\"\",\"publisher\":{\"@id\":\"https:\/\/cospetica.com\/#organization\"},\"potentialAction\":[{\"@type\":\"SearchAction\",\"target\":{\"@type\":\"EntryPoint\",\"urlTemplate\":\"https:\/\/cospetica.com\/?s={search_term_string}\"},\"query-input\":{\"@type\":\"PropertyValueSpecification\",\"valueRequired\":true,\"valueName\":\"search_term_string\"}}],\"inLanguage\":\"fr-FR\"},{\"@type\":\"Organization\",\"@id\":\"https:\/\/cospetica.com\/#organization\",\"name\":\"Cospetica\",\"url\":\"https:\/\/cospetica.com\/\",\"logo\":{\"@type\":\"ImageObject\",\"inLanguage\":\"fr-FR\",\"@id\":\"https:\/\/cospetica.com\/#\/schema\/logo\/image\/\",\"url\":\"https:\/\/cospetica.com\/wp-content\/uploads\/2025\/09\/COSPETICA-BLEU-scaled-e1758189321100.png\",\"contentUrl\":\"https:\/\/cospetica.com\/wp-content\/uploads\/2025\/09\/COSPETICA-BLEU-scaled-e1758189321100.png\",\"width\":190,\"height\":53,\"caption\":\"Cospetica\"},\"image\":{\"@id\":\"https:\/\/cospetica.com\/#\/schema\/logo\/image\/\"}}]}<\/script>\n<!-- \/ Yoast SEO plugin. -->","yoast_head_json":{"title":"Portfolio - Cospetica","robots":{"index":"index","follow":"follow","max-snippet":"max-snippet:-1","max-image-preview":"max-image-preview:large","max-video-preview":"max-video-preview:-1"},"canonical":"https:\/\/cospetica.com\/?page_id=363","og_locale":"fr_FR","og_type":"article","og_title":"Portfolio - Cospetica","og_description":"Nos produits Explorez nos gammes d\u00e9di\u00e9es : Chiens et Chats &amp; Chevaux. Chiens et chats Stick baume protecteur &#8211; Coussinets Shampoing r\u00e9\u00e9quilibrant &#8211; Anti-s\u00e9borrh\u00e9ique Shampooing douceur quotidien &#8211; Tous pelages Shampooing peaux sensibles &#8211; Soin apaisant D\u00e9m\u00ealant \u00e9clat sublimateur &#8211; Sans rin\u00e7age Mousse nettoyante douce &#8211; Tous pelages D\u00e9m\u00ealant soin intense &#8211; Poils longs Chevaux [&hellip;]","og_url":"https:\/\/cospetica.com\/?page_id=363","og_site_name":"Cospetica","article_modified_time":"2025-10-10T06:50:47+00:00","og_image":[{"url":"http:\/\/cospetica.com\/wp-content\/uploads\/2025\/10\/P1220348-scaled.jpg","type":"","width":"","height":""}],"twitter_card":"summary_large_image","twitter_misc":{"Dur\u00e9e de lecture estim\u00e9e":"3 minutes"},"schema":{"@context":"https:\/\/schema.org","@graph":[{"@type":"WebPage","@id":"https:\/\/cospetica.com\/?page_id=363","url":"https:\/\/cospetica.com\/?page_id=363","name":"Portfolio - Cospetica","isPartOf":{"@id":"https:\/\/cospetica.com\/#website"},"primaryImageOfPage":{"@id":"https:\/\/cospetica.com\/?page_id=363#primaryimage"},"image":{"@id":"https:\/\/cospetica.com\/?page_id=363#primaryimage"},"thumbnailUrl":"http:\/\/cospetica.com\/wp-content\/uploads\/2025\/10\/P1220348-scaled.jpg","datePublished":"2025-09-23T08:24:45+00:00","dateModified":"2025-10-10T06:50:47+00:00","breadcrumb":{"@id":"https:\/\/cospetica.com\/?page_id=363#breadcrumb"},"inLanguage":"fr-FR","potentialAction":[{"@type":"ReadAction","target":["https:\/\/cospetica.com\/?page_id=363"]}]},{"@type":"ImageObject","inLanguage":"fr-FR","@id":"https:\/\/cospetica.com\/?page_id=363#primaryimage","url":"https:\/\/cospetica.com\/wp-content\/uploads\/2025\/10\/P1220348-scaled.jpg","contentUrl":"https:\/\/cospetica.com\/wp-content\/uploads\/2025\/10\/P1220348-scaled.jpg","width":2439,"height":2560},{"@type":"BreadcrumbList","@id":"https:\/\/cospetica.com\/?page_id=363#breadcrumb","itemListElement":[{"@type":"ListItem","position":1,"name":"Accueil","item":"https:\/\/cospetica.com\/"},{"@type":"ListItem","position":2,"name":"Portfolio"}]},{"@type":"WebSite","@id":"https:\/\/cospetica.com\/#website","url":"https:\/\/cospetica.com\/","name":"Cospetica","description":"","publisher":{"@id":"https:\/\/cospetica.com\/#organization"},"potentialAction":[{"@type":"SearchAction","target":{"@type":"EntryPoint","urlTemplate":"https:\/\/cospetica.com\/?s={search_term_string}"},"query-input":{"@type":"PropertyValueSpecification","valueRequired":true,"valueName":"search_term_string"}}],"inLanguage":"fr-FR"},{"@type":"Organization","@id":"https:\/\/cospetica.com\/#organization","name":"Cospetica","url":"https:\/\/cospetica.com\/","logo":{"@type":"ImageObject","inLanguage":"fr-FR","@id":"https:\/\/cospetica.com\/#\/schema\/logo\/image\/","url":"https:\/\/cospetica.com\/wp-content\/uploads\/2025\/09\/COSPETICA-BLEU-scaled-e1758189321100.png","contentUrl":"https:\/\/cospetica.com\/wp-content\/uploads\/2025\/09\/COSPETICA-BLEU-scaled-e1758189321100.png","width":190,"height":53,"caption":"Cospetica"},"image":{"@id":"https:\/\/cospetica.com\/#\/schema\/logo\/image\/"}}]}},"_links":{"self":[{"href":"https:\/\/cospetica.com\/index.php?rest_route=\/wp\/v2\/pages\/363","targetHints":{"allow":["GET"]}}],"collection":[{"href":"https:\/\/cospetica.com\/index.php?rest_route=\/wp\/v2\/pages"}],"about":[{"href":"https:\/\/cospetica.com\/index.php?rest_route=\/wp\/v2\/types\/page"}],"author":[{"embeddable":true,"href":"https:\/\/cospetica.com\/index.php?rest_route=\/wp\/v2\/users\/2"}],"replies":[{"embeddable":true,"href":"https:\/\/cospetica.com\/index.php?rest_route=%2Fwp%2Fv2%2Fcomments&post=363"}],"version-history":[{"count":16,"href":"https:\/\/cospetica.com\/index.php?rest_route=\/wp\/v2\/pages\/363\/revisions"}],"predecessor-version":[{"id":733,"href":"https:\/\/cospetica.com\/index.php?rest_route=\/wp\/v2\/pages\/363\/revisions\/733"}],"wp:attachment":[{"href":"https:\/\/cospetica.com\/index.php?rest_route=%2Fwp%2Fv2%2Fmedia&parent=363"}],"curies":[{"name":"wp","href":"https:\/\/api.w.org\/{rel}","templated":true}]}}