{"id":352,"date":"2025-09-23T10:24:44","date_gmt":"2025-09-23T08:24:44","guid":{"rendered":"https:\/\/cospetica.com\/?page_id=352"},"modified":"2025-10-02T11:42:31","modified_gmt":"2025-10-02T09:42:31","slug":"qui-sommes-nous","status":"publish","type":"page","link":"https:\/\/cospetica.com\/?page_id=352","title":{"rendered":"About"},"content":{"rendered":"\t\t<div data-elementor-type=\"wp-page\" data-elementor-id=\"352\" class=\"elementor elementor-352\" data-elementor-post-type=\"page\">\n\t\t\t\t<div class=\"elementor-element elementor-element-fd649f5 e-con-full e-flex e-con e-parent\" data-id=\"fd649f5\" data-element_type=\"container\" data-settings=\"{&quot;background_background&quot;:&quot;classic&quot;}\">\n\t\t<div class=\"elementor-element elementor-element-9bc8ece e-con-full e-flex e-con e-child\" data-id=\"9bc8ece\" data-element_type=\"container\">\n\t\t\t\t<div class=\"elementor-element elementor-element-907737e elementor-widget elementor-widget-heading\" data-id=\"907737e\" data-element_type=\"widget\" data-widget_type=\"heading.default\">\n\t\t\t\t\t<h1 class=\"elementor-heading-title elementor-size-default\">Entreprise<\/h1>\t\t\t\t<\/div>\n\t\t\t\t<div class=\"elementor-element elementor-element-1e8a202 elementor-widget elementor-widget-heading\" data-id=\"1e8a202\" data-element_type=\"widget\" data-widget_type=\"heading.default\">\n\t\t\t\t\t<h5 class=\"elementor-heading-title elementor-size-default\">Cospetica est la nouvelle r\u00e9f\u00e9rence du full service en cosm\u00e9tique animale<\/h5>\t\t\t\t<\/div>\n\t\t\t\t<\/div>\n\t\t<div class=\"elementor-element elementor-element-f172f2f e-con-full e-flex e-con e-child\" data-id=\"f172f2f\" data-element_type=\"container\">\n\t\t\t\t<div class=\"elementor-element elementor-element-a82c628 elementor-widget elementor-widget-image\" data-id=\"a82c628\" data-element_type=\"widget\" data-widget_type=\"image.default\">\n\t\t\t\t\t\t\t\t\t\t\t\t\t\t\t<img fetchpriority=\"high\" decoding=\"async\" width=\"800\" height=\"533\" src=\"https:\/\/cospetica.com\/wp-content\/uploads\/2025\/10\/shutterstock_2147501959-1024x682.jpg\" class=\"attachment-large size-large wp-image-710\" alt=\"\" srcset=\"https:\/\/cospetica.com\/wp-content\/uploads\/2025\/10\/shutterstock_2147501959-1024x682.jpg 1024w, https:\/\/cospetica.com\/wp-content\/uploads\/2025\/10\/shutterstock_2147501959-300x200.jpg 300w, https:\/\/cospetica.com\/wp-content\/uploads\/2025\/10\/shutterstock_2147501959-768x512.jpg 768w, https:\/\/cospetica.com\/wp-content\/uploads\/2025\/10\/shutterstock_2147501959-1536x1024.jpg 1536w, https:\/\/cospetica.com\/wp-content\/uploads\/2025\/10\/shutterstock_2147501959-18x12.jpg 18w, https:\/\/cospetica.com\/wp-content\/uploads\/2025\/10\/shutterstock_2147501959.jpg 2000w\" sizes=\"(max-width: 800px) 100vw, 800px\" \/>\t\t\t\t\t\t\t\t\t\t\t\t\t\t\t<\/div>\n\t\t\t\t<\/div>\n\t\t\t\t<\/div>\n\t\t<div class=\"elementor-element elementor-element-da18fe7 e-flex e-con-boxed e-con e-parent\" data-id=\"da18fe7\" data-element_type=\"container\">\n\t\t\t\t\t<div class=\"e-con-inner\">\n\t\t\t\t<div class=\"elementor-element elementor-element-dd4aa07 elementor-widget elementor-widget-text-editor\" data-id=\"dd4aa07\" data-element_type=\"widget\" data-widget_type=\"text-editor.default\">\n\t\t\t\t\t\t\t\t\t<p><span style=\"font-weight: bold;\">Cr\u00e9\u00e9e en 2025, \u00e0 la crois\u00e9e de l\u2019innovation et de plus de 30 ans d\u2019expertise en formulation cosm\u00e9tique, notre mission est claire :\u00a0<\/span>accompagner les marques du secteur Pet Care dans le d\u00e9veloppement de produits de soins et d\u2019hygi\u00e8ne innovants, s\u00fbrs et adapt\u00e9s aux besoins des animaux<\/p>\t\t\t\t\t\t\t\t<\/div>\n\t\t\t\t\t<\/div>\n\t\t\t\t<\/div>\n\t\t<div class=\"elementor-element elementor-element-43dd679 e-con-full e-flex e-con e-parent\" data-id=\"43dd679\" data-element_type=\"container\">\n\t\t<div class=\"elementor-element elementor-element-9539654 e-con-full e-flex e-con e-child\" data-id=\"9539654\" data-element_type=\"container\">\n\t\t\t\t<div class=\"elementor-element elementor-element-38f45dd elementor-widget elementor-widget-image\" data-id=\"38f45dd\" data-element_type=\"widget\" data-widget_type=\"image.default\">\n\t\t\t\t\t\t\t\t\t\t\t\t\t\t\t<img decoding=\"async\" width=\"2000\" height=\"1331\" src=\"https:\/\/cospetica.com\/wp-content\/uploads\/2025\/10\/shutterstock_2159352299.jpg\" class=\"attachment-full size-full wp-image-560\" alt=\"Cospetica, soci\u00e9t\u00e9 qui vous accompagne dans la cr\u00e9ation de produits cosm\u00e9tiques pour animaux.\" srcset=\"https:\/\/cospetica.com\/wp-content\/uploads\/2025\/10\/shutterstock_2159352299.jpg 2000w, https:\/\/cospetica.com\/wp-content\/uploads\/2025\/10\/shutterstock_2159352299-300x200.jpg 300w, https:\/\/cospetica.com\/wp-content\/uploads\/2025\/10\/shutterstock_2159352299-1024x681.jpg 1024w, https:\/\/cospetica.com\/wp-content\/uploads\/2025\/10\/shutterstock_2159352299-768x511.jpg 768w, https:\/\/cospetica.com\/wp-content\/uploads\/2025\/10\/shutterstock_2159352299-1536x1022.jpg 1536w, https:\/\/cospetica.com\/wp-content\/uploads\/2025\/10\/shutterstock_2159352299-18x12.jpg 18w\" sizes=\"(max-width: 2000px) 100vw, 2000px\" \/>\t\t\t\t\t\t\t\t\t\t\t\t\t\t\t<\/div>\n\t\t\t\t<\/div>\n\t\t<div class=\"elementor-element elementor-element-144bfd7 e-con-full e-flex e-con e-child\" data-id=\"144bfd7\" data-element_type=\"container\">\n\t\t\t\t<div class=\"elementor-element elementor-element-95a8137 elementor-widget elementor-widget-heading\" data-id=\"95a8137\" data-element_type=\"widget\" data-widget_type=\"heading.default\">\n\t\t\t\t\t<h1 class=\"elementor-heading-title elementor-size-default\"><span style=\"letter-spacing: 0px\">Un partenaire \u00e0 vos cot\u00e9s,<\/span><br><span style=\"letter-spacing: 0px\">du concept <\/span><span style=\"letter-spacing: 0px\">au lancement<\/span><\/h1>\t\t\t\t<\/div>\n\t\t\t\t<div class=\"elementor-element elementor-element-2cdf2f5 elementor-widget__width-initial elementor-widget elementor-widget-text-editor\" data-id=\"2cdf2f5\" data-element_type=\"widget\" data-widget_type=\"text-editor.default\">\n\t\t\t\t\t\t\t\t\t<p data-pm-slice=\"1 1 []\"><b>Que vous soyez une start-up visionnaire, un toiletteur ou v\u00e9t\u00e9rinaire souhaitant d\u00e9velopper sa propre gamme, ou une marque internationale du Pet Care, Cospetica vous accompagne \u00e0 chaque \u00e9tape :<\/b><\/p>\n<ul>\n<li><b>Formulation sur mesure : <\/b>cr\u00e9ation de produits adapt\u00e9s aux chiens, chats, chevaux\u2026 et \u00e0 tous types d\u2019animaux.<\/li>\n<li><b>Expertise r\u00e9glementaire :<\/b> conformit\u00e9 garantie aux standards europ\u00e9ens et internationaux (MOCRA et CSAR).<\/li>\n<li><b>Fabrication &amp; conditionnement :<\/b> des proc\u00e9d\u00e9s de qualit\u00e9, certifi\u00e9s et ma\u00eetris\u00e9s.<\/li>\n<li><b>Innovation &amp; tendances :<\/b> int\u00e9gration d\u2019actifs performants et de textures sensorielles pour des soins uniques.<\/li>\n<\/ul>\t\t\t\t\t\t\t\t<\/div>\n\t\t\t\t<\/div>\n\t\t\t\t<\/div>\n\t\t<div class=\"elementor-element elementor-element-c6a5bf7 e-flex e-con-boxed e-con e-parent\" data-id=\"c6a5bf7\" data-element_type=\"container\">\n\t\t\t\t\t<div class=\"e-con-inner\">\n\t\t\t\t\t<\/div>\n\t\t\t\t<\/div>\n\t\t<div class=\"elementor-element elementor-element-410bcbf7 e-con-full e-flex e-con e-parent\" data-id=\"410bcbf7\" data-element_type=\"container\" data-settings=\"{&quot;background_background&quot;:&quot;classic&quot;}\">\n\t\t\t\t<div class=\"elementor-element elementor-element-73e657dd elementor-widget elementor-widget-heading\" data-id=\"73e657dd\" data-element_type=\"widget\" data-widget_type=\"heading.default\">\n\t\t\t\t\t<h2 class=\"elementor-heading-title elementor-size-default\">Deux approches pour r\u00e9pondre \n\u00e0 tous les besoins<\/h2>\t\t\t\t<\/div>\n\t\t\t\t<div class=\"elementor-element elementor-element-3ffdd83 elementor-widget elementor-widget-text-editor\" data-id=\"3ffdd83\" data-element_type=\"widget\" data-widget_type=\"text-editor.default\">\n\t\t\t\t\t\t\t\t\t<p data-pm-slice=\"1 1 []\"><b>D\u00e9veloppement \u00e0 fa\u00e7on :<\/b> une solution 100% personnalis\u00e9e pour b\u00e2tir des gammes exclusives et diff\u00e9renciantes.<\/p><p><b>Gamme blanche : <\/b>des formules pr\u00eates \u00e0 l\u2019emploi, test\u00e9es et conformes aux normes en vigueur, id\u00e9ales pour lancer rapidement une marque ou enrichir une gamme existante.<\/p>\t\t\t\t\t\t\t\t<\/div>\n\t\t\t\t<\/div>\n\t\t<div class=\"elementor-element elementor-element-e67b163 e-con-full e-flex e-con e-parent\" data-id=\"e67b163\" data-element_type=\"container\">\n\t\t<div class=\"elementor-element elementor-element-7fa7f5f e-con-full e-flex e-con e-child\" data-id=\"7fa7f5f\" data-element_type=\"container\">\n\t\t\t\t<div class=\"elementor-element elementor-element-5113fd9 elementor-widget elementor-widget-image\" data-id=\"5113fd9\" data-element_type=\"widget\" data-widget_type=\"image.default\">\n\t\t\t\t\t\t\t\t\t\t\t\t\t\t\t<img decoding=\"async\" width=\"645\" height=\"365\" src=\"https:\/\/cospetica.com\/wp-content\/uploads\/2025\/09\/Photo-carrousele_Plan-de-travail-1-04-1.png\" class=\"attachment-full size-full wp-image-394\" alt=\"Chien en pleine utilisation d\u2019un shampoing quotidien pour tous pelages, qui mousse.\" srcset=\"https:\/\/cospetica.com\/wp-content\/uploads\/2025\/09\/Photo-carrousele_Plan-de-travail-1-04-1.png 645w, https:\/\/cospetica.com\/wp-content\/uploads\/2025\/09\/Photo-carrousele_Plan-de-travail-1-04-1-300x170.png 300w, https:\/\/cospetica.com\/wp-content\/uploads\/2025\/09\/Photo-carrousele_Plan-de-travail-1-04-1-18x10.png 18w\" sizes=\"(max-width: 645px) 100vw, 645px\" \/>\t\t\t\t\t\t\t\t\t\t\t\t\t\t\t<\/div>\n\t\t\t\t<\/div>\n\t\t<div class=\"elementor-element elementor-element-8156095 e-con-full e-flex e-con e-child\" data-id=\"8156095\" data-element_type=\"container\">\n\t\t\t\t<div class=\"elementor-element elementor-element-d50eaa0 elementor-widget elementor-widget-heading\" data-id=\"d50eaa0\" data-element_type=\"widget\" data-widget_type=\"heading.default\">\n\t\t\t\t\t<h1 class=\"elementor-heading-title elementor-size-default\"><p class=\"MsoNormal\" style=\"line-height:normal\"><span style=\"letter-spacing: 0px\">Des soins pens\u00e9s pour \nle bien-\u00eatre animal<\/span><span style=\"letter-spacing: 0px\"><\/span><\/p><\/h1>\t\t\t\t<\/div>\n\t\t\t\t<div class=\"elementor-element elementor-element-860b2fa elementor-widget elementor-widget-text-editor\" data-id=\"860b2fa\" data-element_type=\"widget\" data-widget_type=\"text-editor.default\">\n\t\t\t\t\t\t\t\t\t<p data-pm-slice=\"1 1 []\">Cospetica imagine et fabrique des shampoings, lotions, sprays, baumes, cr\u00e8mes et soins sp\u00e9cialis\u00e9s, con\u00e7us pour respecter la peau et le pelage des animaux tout en r\u00e9pondant aux attentes des propri\u00e9taires : efficacit\u00e9, s\u00e9curit\u00e9 et naturalit\u00e9.<\/p>\t\t\t\t\t\t\t\t<\/div>\n\t\t\t\t<\/div>\n\t\t\t\t<\/div>\n\t\t<div class=\"elementor-element elementor-element-276493a e-con-full e-flex e-con e-parent\" data-id=\"276493a\" data-element_type=\"container\">\n\t\t<div class=\"elementor-element elementor-element-2acb2d0 e-con-full e-flex e-con e-child\" data-id=\"2acb2d0\" data-element_type=\"container\">\n\t\t\t\t<div class=\"elementor-element elementor-element-ed0017c elementor-widget elementor-widget-image\" data-id=\"ed0017c\" data-element_type=\"widget\" data-widget_type=\"image.default\">\n\t\t\t\t\t\t\t\t\t\t\t\t\t\t\t<img loading=\"lazy\" decoding=\"async\" width=\"2000\" height=\"1325\" src=\"https:\/\/cospetica.com\/wp-content\/uploads\/2025\/10\/shutterstock_756137362.jpg\" class=\"attachment-full size-full wp-image-708\" alt=\"\" srcset=\"https:\/\/cospetica.com\/wp-content\/uploads\/2025\/10\/shutterstock_756137362.jpg 2000w, https:\/\/cospetica.com\/wp-content\/uploads\/2025\/10\/shutterstock_756137362-300x199.jpg 300w, https:\/\/cospetica.com\/wp-content\/uploads\/2025\/10\/shutterstock_756137362-1024x678.jpg 1024w, https:\/\/cospetica.com\/wp-content\/uploads\/2025\/10\/shutterstock_756137362-768x509.jpg 768w, https:\/\/cospetica.com\/wp-content\/uploads\/2025\/10\/shutterstock_756137362-1536x1018.jpg 1536w, https:\/\/cospetica.com\/wp-content\/uploads\/2025\/10\/shutterstock_756137362-18x12.jpg 18w\" sizes=\"(max-width: 2000px) 100vw, 2000px\" \/>\t\t\t\t\t\t\t\t\t\t\t\t\t\t\t<\/div>\n\t\t\t\t<\/div>\n\t\t<div class=\"elementor-element elementor-element-f746186 e-con-full e-flex e-con e-child\" data-id=\"f746186\" data-element_type=\"container\">\n\t\t\t\t<div class=\"elementor-element elementor-element-0f0669d elementor-widget elementor-widget-heading\" data-id=\"0f0669d\" data-element_type=\"widget\" data-widget_type=\"heading.default\">\n\t\t\t\t\t<h1 class=\"elementor-heading-title elementor-size-default\"><p class=\"MsoNormal\" style=\"line-height:normal\"><span style=\"letter-spacing: 0px\">Une ambition internationale<\/span><span style=\"letter-spacing: 0px\"><\/span><\/p><\/h1>\t\t\t\t<\/div>\n\t\t\t\t<div class=\"elementor-element elementor-element-1122811 elementor-widget elementor-widget-text-editor\" data-id=\"1122811\" data-element_type=\"widget\" data-widget_type=\"text-editor.default\">\n\t\t\t\t\t\t\t\t\t<p>Avec une vision globale du march\u00e9 Pet Care et une capacit\u00e9 \u00e0 accompagner ses clients \u00e0 l\u2019export, Cospetica s\u2019impose comme votre partenaire incontournable pour faire rayonner vos produits de soins animaliers \u00e0 travers le monde.<\/p>\t\t\t\t\t\t\t\t<\/div>\n\t\t\t\t<\/div>\n\t\t\t\t<\/div>\n\t\t<div class=\"elementor-element elementor-element-fc4c817 e-flex e-con-boxed e-con e-parent\" data-id=\"fc4c817\" data-element_type=\"container\">\n\t\t\t\t\t<div class=\"e-con-inner\">\n\t\t\t\t<div class=\"elementor-element elementor-element-f04656d elementor-widget-divider--view-line elementor-widget elementor-widget-divider\" data-id=\"f04656d\" data-element_type=\"widget\" data-widget_type=\"divider.default\">\n\t\t\t\t\t\t\t<div class=\"elementor-divider\">\n\t\t\t<span class=\"elementor-divider-separator\">\n\t\t\t\t\t\t<\/span>\n\t\t<\/div>\n\t\t\t\t\t\t<\/div>\n\t\t\t\t\t<\/div>\n\t\t\t\t<\/div>\n\t\t\t\t<\/div>\n\t\t","protected":false},"excerpt":{"rendered":"<p>Entreprise Cospetica est la nouvelle r\u00e9f\u00e9rence du full service en cosm\u00e9tique animale Cr\u00e9\u00e9e en 2025, \u00e0 la crois\u00e9e de l\u2019innovation et de plus de 30 ans d\u2019expertise en formulation cosm\u00e9tique, notre mission est claire :\u00a0accompagner les marques du secteur Pet Care dans le d\u00e9veloppement de produits de soins et d\u2019hygi\u00e8ne innovants, s\u00fbrs et adapt\u00e9s aux [&hellip;]<\/p>\n","protected":false},"author":2,"featured_media":0,"parent":0,"menu_order":0,"comment_status":"closed","ping_status":"closed","template":"","meta":{"footnotes":""},"class_list":["post-352","page","type-page","status-publish","hentry"],"yoast_head":"<!-- This site is optimized with the Yoast SEO plugin v26.8 - https:\/\/yoast.com\/product\/yoast-seo-wordpress\/ -->\n<title>About - Cospetica<\/title>\n<meta name=\"description\" content=\"Cr\u00e9\u00e9e en 2025, \u00e0 la crois\u00e9e de l\u2019innovation et de plus de 30 ans d\u2019expertise en formulation cosm\u00e9tique, notre mission est claire : accompagner les marques du secteur Pet Care dans le d\u00e9veloppement de produits de soins et d\u2019hygi\u00e8ne innovants, s\u00fbrs et adapt\u00e9s aux besoins des animaux\" \/>\n<meta name=\"robots\" content=\"index, follow, max-snippet:-1, max-image-preview:large, max-video-preview:-1\" \/>\n<link rel=\"canonical\" href=\"https:\/\/cospetica.com\/notre-entreprise\" \/>\n<meta property=\"og:locale\" content=\"fr_FR\" \/>\n<meta property=\"og:type\" content=\"article\" \/>\n<meta property=\"og:title\" content=\"About - Cospetica\" \/>\n<meta property=\"og:description\" content=\"Cr\u00e9\u00e9e en 2025, \u00e0 la crois\u00e9e de l\u2019innovation et de plus de 30 ans d\u2019expertise en formulation cosm\u00e9tique, notre mission est claire : accompagner les marques du secteur Pet Care dans le d\u00e9veloppement de produits de soins et d\u2019hygi\u00e8ne innovants, s\u00fbrs et adapt\u00e9s aux besoins des animaux\" \/>\n<meta property=\"og:url\" content=\"https:\/\/cospetica.com\/notre-entreprise\" \/>\n<meta property=\"og:site_name\" content=\"Cospetica\" \/>\n<meta property=\"article:modified_time\" content=\"2025-10-02T09:42:31+00:00\" \/>\n<meta property=\"og:image\" content=\"http:\/\/cospetica.com\/wp-content\/uploads\/2025\/10\/shutterstock_2147501959-1024x682.jpg\" \/>\n<meta name=\"twitter:card\" content=\"summary_large_image\" \/>\n<meta name=\"twitter:label1\" content=\"Dur\u00e9e de lecture estim\u00e9e\" \/>\n\t<meta name=\"twitter:data1\" content=\"2 minutes\" \/>\n<script type=\"application\/ld+json\" class=\"yoast-schema-graph\">{\"@context\":\"https:\/\/schema.org\",\"@graph\":[{\"@type\":\"WebPage\",\"@id\":\"https:\/\/cospetica.com\/?page_id=352\",\"url\":\"https:\/\/cospetica.com\/notre-entreprise\",\"name\":\"About - Cospetica\",\"isPartOf\":{\"@id\":\"https:\/\/cospetica.com\/#website\"},\"primaryImageOfPage\":{\"@id\":\"https:\/\/cospetica.com\/notre-entreprise#primaryimage\"},\"image\":{\"@id\":\"https:\/\/cospetica.com\/notre-entreprise#primaryimage\"},\"thumbnailUrl\":\"http:\/\/cospetica.com\/wp-content\/uploads\/2025\/10\/shutterstock_2147501959-1024x682.jpg\",\"datePublished\":\"2025-09-23T08:24:44+00:00\",\"dateModified\":\"2025-10-02T09:42:31+00:00\",\"description\":\"Cr\u00e9\u00e9e en 2025, \u00e0 la crois\u00e9e de l\u2019innovation et de plus de 30 ans d\u2019expertise en formulation cosm\u00e9tique, notre mission est claire : accompagner les marques du secteur Pet Care dans le d\u00e9veloppement de produits de soins et d\u2019hygi\u00e8ne innovants, s\u00fbrs et adapt\u00e9s aux besoins des animaux\",\"breadcrumb\":{\"@id\":\"https:\/\/cospetica.com\/notre-entreprise#breadcrumb\"},\"inLanguage\":\"fr-FR\",\"potentialAction\":[{\"@type\":\"ReadAction\",\"target\":[\"https:\/\/cospetica.com\/notre-entreprise\"]}]},{\"@type\":\"ImageObject\",\"inLanguage\":\"fr-FR\",\"@id\":\"https:\/\/cospetica.com\/notre-entreprise#primaryimage\",\"url\":\"http:\/\/cospetica.com\/wp-content\/uploads\/2025\/10\/shutterstock_2147501959-1024x682.jpg\",\"contentUrl\":\"http:\/\/cospetica.com\/wp-content\/uploads\/2025\/10\/shutterstock_2147501959-1024x682.jpg\"},{\"@type\":\"BreadcrumbList\",\"@id\":\"https:\/\/cospetica.com\/notre-entreprise#breadcrumb\",\"itemListElement\":[{\"@type\":\"ListItem\",\"position\":1,\"name\":\"Accueil\",\"item\":\"https:\/\/cospetica.com\/\"},{\"@type\":\"ListItem\",\"position\":2,\"name\":\"Qui sommes-nous ?\"}]},{\"@type\":\"WebSite\",\"@id\":\"https:\/\/cospetica.com\/#website\",\"url\":\"https:\/\/cospetica.com\/\",\"name\":\"Cospetica\",\"description\":\"\",\"publisher\":{\"@id\":\"https:\/\/cospetica.com\/#organization\"},\"potentialAction\":[{\"@type\":\"SearchAction\",\"target\":{\"@type\":\"EntryPoint\",\"urlTemplate\":\"https:\/\/cospetica.com\/?s={search_term_string}\"},\"query-input\":{\"@type\":\"PropertyValueSpecification\",\"valueRequired\":true,\"valueName\":\"search_term_string\"}}],\"inLanguage\":\"fr-FR\"},{\"@type\":\"Organization\",\"@id\":\"https:\/\/cospetica.com\/#organization\",\"name\":\"Cospetica\",\"url\":\"https:\/\/cospetica.com\/\",\"logo\":{\"@type\":\"ImageObject\",\"inLanguage\":\"fr-FR\",\"@id\":\"https:\/\/cospetica.com\/#\/schema\/logo\/image\/\",\"url\":\"https:\/\/cospetica.com\/wp-content\/uploads\/2025\/09\/COSPETICA-BLEU-scaled-e1758189321100.png\",\"contentUrl\":\"https:\/\/cospetica.com\/wp-content\/uploads\/2025\/09\/COSPETICA-BLEU-scaled-e1758189321100.png\",\"width\":190,\"height\":53,\"caption\":\"Cospetica\"},\"image\":{\"@id\":\"https:\/\/cospetica.com\/#\/schema\/logo\/image\/\"}}]}<\/script>\n<!-- \/ Yoast SEO plugin. -->","yoast_head_json":{"title":"About - Cospetica","description":"Cr\u00e9\u00e9e en 2025, \u00e0 la crois\u00e9e de l\u2019innovation et de plus de 30 ans d\u2019expertise en formulation cosm\u00e9tique, notre mission est claire : accompagner les marques du secteur Pet Care dans le d\u00e9veloppement de produits de soins et d\u2019hygi\u00e8ne innovants, s\u00fbrs et adapt\u00e9s aux besoins des animaux","robots":{"index":"index","follow":"follow","max-snippet":"max-snippet:-1","max-image-preview":"max-image-preview:large","max-video-preview":"max-video-preview:-1"},"canonical":"https:\/\/cospetica.com\/notre-entreprise","og_locale":"fr_FR","og_type":"article","og_title":"About - Cospetica","og_description":"Cr\u00e9\u00e9e en 2025, \u00e0 la crois\u00e9e de l\u2019innovation et de plus de 30 ans d\u2019expertise en formulation cosm\u00e9tique, notre mission est claire : accompagner les marques du secteur Pet Care dans le d\u00e9veloppement de produits de soins et d\u2019hygi\u00e8ne innovants, s\u00fbrs et adapt\u00e9s aux besoins des animaux","og_url":"https:\/\/cospetica.com\/notre-entreprise","og_site_name":"Cospetica","article_modified_time":"2025-10-02T09:42:31+00:00","og_image":[{"url":"http:\/\/cospetica.com\/wp-content\/uploads\/2025\/10\/shutterstock_2147501959-1024x682.jpg","type":"","width":"","height":""}],"twitter_card":"summary_large_image","twitter_misc":{"Dur\u00e9e de lecture estim\u00e9e":"2 minutes"},"schema":{"@context":"https:\/\/schema.org","@graph":[{"@type":"WebPage","@id":"https:\/\/cospetica.com\/?page_id=352","url":"https:\/\/cospetica.com\/notre-entreprise","name":"About - Cospetica","isPartOf":{"@id":"https:\/\/cospetica.com\/#website"},"primaryImageOfPage":{"@id":"https:\/\/cospetica.com\/notre-entreprise#primaryimage"},"image":{"@id":"https:\/\/cospetica.com\/notre-entreprise#primaryimage"},"thumbnailUrl":"http:\/\/cospetica.com\/wp-content\/uploads\/2025\/10\/shutterstock_2147501959-1024x682.jpg","datePublished":"2025-09-23T08:24:44+00:00","dateModified":"2025-10-02T09:42:31+00:00","description":"Cr\u00e9\u00e9e en 2025, \u00e0 la crois\u00e9e de l\u2019innovation et de plus de 30 ans d\u2019expertise en formulation cosm\u00e9tique, notre mission est claire : accompagner les marques du secteur Pet Care dans le d\u00e9veloppement de produits de soins et d\u2019hygi\u00e8ne innovants, s\u00fbrs et adapt\u00e9s aux besoins des animaux","breadcrumb":{"@id":"https:\/\/cospetica.com\/notre-entreprise#breadcrumb"},"inLanguage":"fr-FR","potentialAction":[{"@type":"ReadAction","target":["https:\/\/cospetica.com\/notre-entreprise"]}]},{"@type":"ImageObject","inLanguage":"fr-FR","@id":"https:\/\/cospetica.com\/notre-entreprise#primaryimage","url":"http:\/\/cospetica.com\/wp-content\/uploads\/2025\/10\/shutterstock_2147501959-1024x682.jpg","contentUrl":"http:\/\/cospetica.com\/wp-content\/uploads\/2025\/10\/shutterstock_2147501959-1024x682.jpg"},{"@type":"BreadcrumbList","@id":"https:\/\/cospetica.com\/notre-entreprise#breadcrumb","itemListElement":[{"@type":"ListItem","position":1,"name":"Accueil","item":"https:\/\/cospetica.com\/"},{"@type":"ListItem","position":2,"name":"Qui sommes-nous ?"}]},{"@type":"WebSite","@id":"https:\/\/cospetica.com\/#website","url":"https:\/\/cospetica.com\/","name":"Cospetica","description":"","publisher":{"@id":"https:\/\/cospetica.com\/#organization"},"potentialAction":[{"@type":"SearchAction","target":{"@type":"EntryPoint","urlTemplate":"https:\/\/cospetica.com\/?s={search_term_string}"},"query-input":{"@type":"PropertyValueSpecification","valueRequired":true,"valueName":"search_term_string"}}],"inLanguage":"fr-FR"},{"@type":"Organization","@id":"https:\/\/cospetica.com\/#organization","name":"Cospetica","url":"https:\/\/cospetica.com\/","logo":{"@type":"ImageObject","inLanguage":"fr-FR","@id":"https:\/\/cospetica.com\/#\/schema\/logo\/image\/","url":"https:\/\/cospetica.com\/wp-content\/uploads\/2025\/09\/COSPETICA-BLEU-scaled-e1758189321100.png","contentUrl":"https:\/\/cospetica.com\/wp-content\/uploads\/2025\/09\/COSPETICA-BLEU-scaled-e1758189321100.png","width":190,"height":53,"caption":"Cospetica"},"image":{"@id":"https:\/\/cospetica.com\/#\/schema\/logo\/image\/"}}]}},"_links":{"self":[{"href":"https:\/\/cospetica.com\/index.php?rest_route=\/wp\/v2\/pages\/352","targetHints":{"allow":["GET"]}}],"collection":[{"href":"https:\/\/cospetica.com\/index.php?rest_route=\/wp\/v2\/pages"}],"about":[{"href":"https:\/\/cospetica.com\/index.php?rest_route=\/wp\/v2\/types\/page"}],"author":[{"embeddable":true,"href":"https:\/\/cospetica.com\/index.php?rest_route=\/wp\/v2\/users\/2"}],"replies":[{"embeddable":true,"href":"https:\/\/cospetica.com\/index.php?rest_route=%2Fwp%2Fv2%2Fcomments&post=352"}],"version-history":[{"count":49,"href":"https:\/\/cospetica.com\/index.php?rest_route=\/wp\/v2\/pages\/352\/revisions"}],"predecessor-version":[{"id":725,"href":"https:\/\/cospetica.com\/index.php?rest_route=\/wp\/v2\/pages\/352\/revisions\/725"}],"wp:attachment":[{"href":"https:\/\/cospetica.com\/index.php?rest_route=%2Fwp%2Fv2%2Fmedia&parent=352"}],"curies":[{"name":"wp","href":"https:\/\/api.w.org\/{rel}","templated":true}]}}