{"id":345,"date":"2025-09-23T10:24:43","date_gmt":"2025-09-23T08:24:43","guid":{"rendered":"https:\/\/cospetica.com\/?page_id=345"},"modified":"2025-10-01T10:00:59","modified_gmt":"2025-10-01T08:00:59","slug":"contact","status":"publish","type":"page","link":"https:\/\/cospetica.com\/?page_id=345","title":{"rendered":"Contact"},"content":{"rendered":"\t\t<div data-elementor-type=\"wp-page\" data-elementor-id=\"345\" class=\"elementor elementor-345\" data-elementor-post-type=\"page\">\n\t\t\t\t<div class=\"elementor-element elementor-element-70f957b2 e-flex e-con-boxed e-con e-parent\" data-id=\"70f957b2\" data-element_type=\"container\" data-settings=\"{&quot;background_motion_fx_devices&quot;:[&quot;desktop&quot;,&quot;tablet&quot;,&quot;mobile&quot;]}\">\n\t\t\t\t\t<div class=\"e-con-inner\">\n\t\t\t\t<div class=\"elementor-element elementor-element-705a20ad elementor-widget elementor-widget-heading\" data-id=\"705a20ad\" data-element_type=\"widget\" data-widget_type=\"heading.default\">\n\t\t\t\t\t<h1 class=\"elementor-heading-title elementor-size-default\">Nous contacter<\/h1>\t\t\t\t<\/div>\n\t\t\t\t<div class=\"elementor-element elementor-element-0ac0380 elementor-widget elementor-widget-wpforms\" data-id=\"0ac0380\" data-element_type=\"widget\" data-widget_type=\"wpforms.default\">\n\t\t\t\t<div class=\"elementor-widget-container\">\n\t\t\t\t\t<style id=\"wpforms-css-vars-elementor-widget-0ac0380\">\n\t\t\t\t.elementor-widget-wpforms.elementor-element-0ac0380 {\n\t\t\t\t--wpforms-field-background-color: #E4E6E9;\n--wpforms-field-border-color: #cccccc;\n--wpforms-field-border-color-spare: #cccccc;\n--wpforms-field-text-color: #024872;\n--wpforms-label-color: #024872;\n--wpforms-label-sublabel-color: #7f7f7f;\n--wpforms-label-error-color: #FFBBBB;\n--wpforms-button-border-style: solid;\n--wpforms-button-border-radius: 54px;\n--wpforms-button-background-color: #F2A64A;\n--wpforms-button-border-color: #F2A64A;\n--wpforms-button-text-color: #FFFFFF;\n--wpforms-page-break-color: #dddddd;\n--wpforms-label-size-font-size: 14px;\n--wpforms-label-size-line-height: 17px;\n--wpforms-label-size-sublabel-font-size: 13px;\n--wpforms-label-size-sublabel-line-height: 16px;\n--wpforms-button-size-font-size: 20px;\n--wpforms-button-size-height: 48px;\n--wpforms-button-size-padding-h: 20px;\n--wpforms-button-size-margin-top: 15px;\n\t\t\t}\n\t\t\t<\/style><div class=\"wpforms-container wpforms-container-full wpforms-render-modern\" id=\"wpforms-502\"><form id=\"wpforms-form-502\" class=\"wpforms-validate wpforms-form wpforms-ajax-form\" data-formid=\"502\" method=\"post\" enctype=\"multipart\/form-data\" action=\"\/index.php?rest_route=%2Fwp%2Fv2%2Fpages%2F345\" data-token=\"938e489c9ee64c9d6df42169d18dfc50\" data-token-time=\"1776289757\"><noscript class=\"wpforms-error-noscript\">Veuillez activer JavaScript dans votre navigateur pour remplir ce formulaire.<\/noscript><div id=\"wpforms-error-noscript\" style=\"display: none;\">Veuillez activer JavaScript dans votre navigateur pour remplir ce formulaire.<\/div><div class=\"wpforms-field-container\"><div id=\"wpforms-502-field_1-container\" class=\"wpforms-field wpforms-field-name\" data-field-id=\"1\"><fieldset><legend class=\"wpforms-field-label\">Nom <span class=\"wpforms-required-label\" aria-hidden=\"true\">*<\/span><\/legend><div class=\"wpforms-field-row wpforms-field-medium\"><div class=\"wpforms-field-row-block wpforms-first wpforms-one-half\"><input type=\"text\" id=\"wpforms-502-field_1\" class=\"wpforms-field-name-first wpforms-field-required\" name=\"wpforms[fields][1][first]\" aria-errormessage=\"wpforms-502-field_1-error\" required><label for=\"wpforms-502-field_1\" class=\"wpforms-field-sublabel after\">Pr\u00e9nom<\/label><\/div><div class=\"wpforms-field-row-block wpforms-one-half\"><input type=\"text\" id=\"wpforms-502-field_1-last\" class=\"wpforms-field-name-last wpforms-field-required\" name=\"wpforms[fields][1][last]\" aria-errormessage=\"wpforms-502-field_1-last-error\" required><label for=\"wpforms-502-field_1-last\" class=\"wpforms-field-sublabel after\">Nom<\/label><\/div><\/div><\/fieldset><\/div><div id=\"wpforms-502-field_2-container\" class=\"wpforms-field wpforms-field-email\" data-field-id=\"2\"><label class=\"wpforms-field-label\" for=\"wpforms-502-field_2\">Email <span class=\"wpforms-required-label\" aria-hidden=\"true\">*<\/span><\/label><input type=\"email\" id=\"wpforms-502-field_2\" class=\"wpforms-field-medium wpforms-field-required\" name=\"wpforms[fields][2]\" spellcheck=\"false\" aria-errormessage=\"wpforms-502-field_2-error\" required><\/div>\t\t<div id=\"wpforms-502-field_5-container\"\n\t\t\tclass=\"wpforms-field wpforms-field-text\"\n\t\t\tdata-field-type=\"text\"\n\t\t\tdata-field-id=\"5\"\n\t\t\t>\n\t\t\t<label class=\"wpforms-field-label\" for=\"wpforms-502-field_5\" >voulez nos !<\/label>\n\t\t\t<input type=\"text\" id=\"wpforms-502-field_5\" class=\"wpforms-field-medium\" name=\"wpforms[fields][5]\" >\n\t\t<\/div>\n\t\t<div id=\"wpforms-502-field_3-container\" class=\"wpforms-field wpforms-field-text\" data-field-id=\"3\"><label class=\"wpforms-field-label\" for=\"wpforms-502-field_3\">Entreprise<\/label><input type=\"text\" id=\"wpforms-502-field_3\" class=\"wpforms-field-medium\" name=\"wpforms[fields][3]\" aria-errormessage=\"wpforms-502-field_3-error\" ><\/div><div id=\"wpforms-502-field_4-container\" class=\"wpforms-field wpforms-field-textarea\" data-field-id=\"4\"><label class=\"wpforms-field-label\" for=\"wpforms-502-field_4\">Vous voulez cr\u00e9er votre marque, enrichir votre gamme avec nos produits ou simplement nous poser une question ? Faites-le-nous savoir juste ici !<\/label><textarea id=\"wpforms-502-field_4\" class=\"wpforms-field-large\" name=\"wpforms[fields][4]\" aria-errormessage=\"wpforms-502-field_4-error\" ><\/textarea><\/div><div id=\"wpforms-502-field_6-container\" class=\"wpforms-field wpforms-field-checkbox wpforms-list-inline\" data-field-id=\"6\"><fieldset><legend class=\"wpforms-field-label\">Consentement RGPD :<\/legend><ul id=\"wpforms-502-field_6\"><li class=\"choice-3 depth-1\"><input type=\"checkbox\" id=\"wpforms-502-field_6_3\" name=\"wpforms[fields][6][]\" value=\"J\u2019accepte que mes donn\u00e9es personnelles soient trait\u00e9es conform\u00e9ment \u00e0 la politique de confidentialit\u00e9.\" aria-errormessage=\"wpforms-502-field_6_3-error\"  ><label class=\"wpforms-field-label-inline\" for=\"wpforms-502-field_6_3\">J\u2019accepte que mes donn\u00e9es personnelles soient trait\u00e9es conform\u00e9ment \u00e0 la politique de confidentialit\u00e9.<\/label><\/li><\/ul><\/fieldset><\/div><script>\n\t\t\t\t( function() {\n\t\t\t\t\tconst style = document.createElement( 'style' );\n\t\t\t\t\tstyle.appendChild( document.createTextNode( '#wpforms-502-field_5-container { position: absolute !important; overflow: hidden !important; display: inline !important; height: 1px !important; width: 1px !important; z-index: -1000 !important; padding: 0 !important; } #wpforms-502-field_5-container input { visibility: hidden; } #wpforms-conversational-form-page #wpforms-502-field_5-container label { counter-increment: none; }' ) );\n\t\t\t\t\tdocument.head.appendChild( style );\n\t\t\t\t\tdocument.currentScript?.remove();\n\t\t\t\t} )();\n\t\t\t<\/script><\/div><!-- .wpforms-field-container --><div class=\"wpforms-submit-container\" ><input type=\"hidden\" name=\"wpforms[id]\" value=\"502\"><input type=\"hidden\" name=\"page_title\" value=\"\"><input type=\"hidden\" name=\"page_url\" value=\"https:\/\/cospetica.com\/index.php?rest_route=\/wp\/v2\/pages\/345\"><input type=\"hidden\" name=\"url_referer\" value=\"\"><button type=\"submit\" name=\"wpforms[submit]\" id=\"wpforms-submit-502\" class=\"wpforms-submit\" data-alt-text=\"Envoi en cours\" data-submit-text=\"Envoyer\" aria-live=\"assertive\" value=\"wpforms-submit\">Envoyer<\/button><img decoding=\"async\" src=\"https:\/\/cospetica.com\/wp-content\/plugins\/wpforms-lite\/assets\/images\/submit-spin.svg\" class=\"wpforms-submit-spinner\" style=\"display: none;\" width=\"26\" height=\"26\" alt=\"Chargement en cours\"><\/div><\/form><\/div>  <!-- .wpforms-container -->\t\t\t\t<\/div>\n\t\t\t\t<\/div>\n\t\t<div class=\"elementor-element elementor-element-781aaf24 e-con-full e-flex e-con e-child\" data-id=\"781aaf24\" data-element_type=\"container\">\n\t\t<div class=\"elementor-element elementor-element-6eb17614 e-con-full e-flex e-con e-child\" data-id=\"6eb17614\" data-element_type=\"container\">\n\t\t\t\t<div class=\"elementor-element elementor-element-123db739 elementor-widget-divider--view-line elementor-widget elementor-widget-divider\" data-id=\"123db739\" data-element_type=\"widget\" data-widget_type=\"divider.default\">\n\t\t\t\t\t\t\t<div class=\"elementor-divider\">\n\t\t\t<span class=\"elementor-divider-separator\">\n\t\t\t\t\t\t<\/span>\n\t\t<\/div>\n\t\t\t\t\t\t<\/div>\n\t\t\t\t<div class=\"elementor-element elementor-element-65672489 elementor-align-center elementor-icon-list--layout-traditional elementor-list-item-link-full_width elementor-widget elementor-widget-icon-list\" data-id=\"65672489\" data-element_type=\"widget\" data-widget_type=\"icon-list.default\">\n\t\t\t\t\t\t\t<ul class=\"elementor-icon-list-items\">\n\t\t\t\t\t\t\t<li class=\"elementor-icon-list-item\">\n\t\t\t\t\t\t\t\t\t\t<span class=\"elementor-icon-list-text\">Venelle du Carros, 29480 Le Relecq-Kerhuon FRANCE<\/span>\n\t\t\t\t\t\t\t\t\t<\/li>\n\t\t\t\t\t\t\t\t<li class=\"elementor-icon-list-item\">\n\t\t\t\t\t\t\t\t\t\t<span class=\"elementor-icon-list-text\">+33(0) 2 98 28 40 32<\/span>\n\t\t\t\t\t\t\t\t\t<\/li>\n\t\t\t\t\t\t\t\t<li class=\"elementor-icon-list-item\">\n\t\t\t\t\t\t\t\t\t\t<span class=\"elementor-icon-list-text\">info@cospetica.com<\/span>\n\t\t\t\t\t\t\t\t\t<\/li>\n\t\t\t\t\t\t<\/ul>\n\t\t\t\t\t\t<\/div>\n\t\t\t\t<\/div>\n\t\t\t\t<\/div>\n\t\t\t\t\t<\/div>\n\t\t\t\t<\/div>\n\t\t\t\t<\/div>\n\t\t","protected":false},"excerpt":{"rendered":"<p>Nous contacter Veuillez activer JavaScript dans votre navigateur pour remplir ce formulaire.Veuillez activer JavaScript dans votre navigateur pour remplir ce formulaire. Nom * Pr\u00e9nomNom Email *EntrepriseVous voulez cr\u00e9er votre marque, enrichir votre gamme avec nos produits ou simplement nous poser une question ? Faites-le-nous savoir juste ici ! Consentement RGPD : J\u2019accepte que mes donn\u00e9es [&hellip;]<\/p>\n","protected":false},"author":2,"featured_media":560,"parent":0,"menu_order":0,"comment_status":"closed","ping_status":"closed","template":"","meta":{"footnotes":""},"class_list":["post-345","page","type-page","status-publish","has-post-thumbnail","hentry"],"yoast_head":"<!-- This site is optimized with the Yoast SEO plugin v26.8 - https:\/\/yoast.com\/product\/yoast-seo-wordpress\/ -->\n<title>Contact - Cospetica<\/title>\n<meta name=\"description\" content=\"Vous souhaitez lancer votre marque de cosm\u00e9tiques pour animaux ? D\u00e9velopper votre gamme pet care ? N\u2019h\u00e9sitez pas \u00e0 nous contacter !\" \/>\n<meta name=\"robots\" content=\"index, follow, max-snippet:-1, max-image-preview:large, max-video-preview:-1\" \/>\n<link rel=\"canonical\" href=\"https:\/\/cospetica.com\/contact\" \/>\n<meta property=\"og:locale\" content=\"fr_FR\" \/>\n<meta property=\"og:type\" content=\"article\" \/>\n<meta property=\"og:title\" content=\"Contact - Cospetica\" \/>\n<meta property=\"og:description\" content=\"Vous souhaitez lancer votre marque de cosm\u00e9tiques pour animaux ? D\u00e9velopper votre gamme pet care ? N\u2019h\u00e9sitez pas \u00e0 nous contacter !\" \/>\n<meta property=\"og:url\" content=\"https:\/\/cospetica.com\/contact\" \/>\n<meta property=\"og:site_name\" content=\"Cospetica\" \/>\n<meta property=\"article:modified_time\" content=\"2025-10-01T08:00:59+00:00\" \/>\n<meta property=\"og:image\" content=\"https:\/\/cospetica.com\/wp-content\/uploads\/2025\/10\/shutterstock_2159352299.jpg\" \/>\n\t<meta property=\"og:image:width\" content=\"2000\" \/>\n\t<meta property=\"og:image:height\" content=\"1331\" \/>\n\t<meta property=\"og:image:type\" content=\"image\/jpeg\" \/>\n<meta name=\"twitter:card\" content=\"summary_large_image\" \/>\n<meta name=\"twitter:label1\" content=\"Dur\u00e9e de lecture estim\u00e9e\" \/>\n\t<meta name=\"twitter:data1\" content=\"1 minute\" \/>\n<script type=\"application\/ld+json\" class=\"yoast-schema-graph\">{\"@context\":\"https:\/\/schema.org\",\"@graph\":[{\"@type\":\"WebPage\",\"@id\":\"https:\/\/cospetica.com\/?page_id=345\",\"url\":\"https:\/\/cospetica.com\/contact\",\"name\":\"Contact - Cospetica\",\"isPartOf\":{\"@id\":\"https:\/\/cospetica.com\/#website\"},\"primaryImageOfPage\":{\"@id\":\"https:\/\/cospetica.com\/contact#primaryimage\"},\"image\":{\"@id\":\"https:\/\/cospetica.com\/contact#primaryimage\"},\"thumbnailUrl\":\"https:\/\/cospetica.com\/wp-content\/uploads\/2025\/10\/shutterstock_2159352299.jpg\",\"datePublished\":\"2025-09-23T08:24:43+00:00\",\"dateModified\":\"2025-10-01T08:00:59+00:00\",\"description\":\"Vous souhaitez lancer votre marque de cosm\u00e9tiques pour animaux ? D\u00e9velopper votre gamme pet care ? N\u2019h\u00e9sitez pas \u00e0 nous contacter !\",\"breadcrumb\":{\"@id\":\"https:\/\/cospetica.com\/contact#breadcrumb\"},\"inLanguage\":\"fr-FR\",\"potentialAction\":[{\"@type\":\"ReadAction\",\"target\":[\"https:\/\/cospetica.com\/contact\"]}]},{\"@type\":\"ImageObject\",\"inLanguage\":\"fr-FR\",\"@id\":\"https:\/\/cospetica.com\/contact#primaryimage\",\"url\":\"https:\/\/cospetica.com\/wp-content\/uploads\/2025\/10\/shutterstock_2159352299.jpg\",\"contentUrl\":\"https:\/\/cospetica.com\/wp-content\/uploads\/2025\/10\/shutterstock_2159352299.jpg\",\"width\":2000,\"height\":1331,\"caption\":\"Cospetica, soci\u00e9t\u00e9 qui vous accompagne dans la cr\u00e9ation de produits cosm\u00e9tiques pour animaux.\"},{\"@type\":\"BreadcrumbList\",\"@id\":\"https:\/\/cospetica.com\/contact#breadcrumb\",\"itemListElement\":[{\"@type\":\"ListItem\",\"position\":1,\"name\":\"Accueil\",\"item\":\"https:\/\/cospetica.com\/\"},{\"@type\":\"ListItem\",\"position\":2,\"name\":\"Contact\"}]},{\"@type\":\"WebSite\",\"@id\":\"https:\/\/cospetica.com\/#website\",\"url\":\"https:\/\/cospetica.com\/\",\"name\":\"Cospetica\",\"description\":\"\",\"publisher\":{\"@id\":\"https:\/\/cospetica.com\/#organization\"},\"potentialAction\":[{\"@type\":\"SearchAction\",\"target\":{\"@type\":\"EntryPoint\",\"urlTemplate\":\"https:\/\/cospetica.com\/?s={search_term_string}\"},\"query-input\":{\"@type\":\"PropertyValueSpecification\",\"valueRequired\":true,\"valueName\":\"search_term_string\"}}],\"inLanguage\":\"fr-FR\"},{\"@type\":\"Organization\",\"@id\":\"https:\/\/cospetica.com\/#organization\",\"name\":\"Cospetica\",\"url\":\"https:\/\/cospetica.com\/\",\"logo\":{\"@type\":\"ImageObject\",\"inLanguage\":\"fr-FR\",\"@id\":\"https:\/\/cospetica.com\/#\/schema\/logo\/image\/\",\"url\":\"https:\/\/cospetica.com\/wp-content\/uploads\/2025\/09\/COSPETICA-BLEU-scaled-e1758189321100.png\",\"contentUrl\":\"https:\/\/cospetica.com\/wp-content\/uploads\/2025\/09\/COSPETICA-BLEU-scaled-e1758189321100.png\",\"width\":190,\"height\":53,\"caption\":\"Cospetica\"},\"image\":{\"@id\":\"https:\/\/cospetica.com\/#\/schema\/logo\/image\/\"}}]}<\/script>\n<!-- \/ Yoast SEO plugin. -->","yoast_head_json":{"title":"Contact - Cospetica","description":"Vous souhaitez lancer votre marque de cosm\u00e9tiques pour animaux ? D\u00e9velopper votre gamme pet care ? N\u2019h\u00e9sitez pas \u00e0 nous contacter !","robots":{"index":"index","follow":"follow","max-snippet":"max-snippet:-1","max-image-preview":"max-image-preview:large","max-video-preview":"max-video-preview:-1"},"canonical":"https:\/\/cospetica.com\/contact","og_locale":"fr_FR","og_type":"article","og_title":"Contact - Cospetica","og_description":"Vous souhaitez lancer votre marque de cosm\u00e9tiques pour animaux ? D\u00e9velopper votre gamme pet care ? N\u2019h\u00e9sitez pas \u00e0 nous contacter !","og_url":"https:\/\/cospetica.com\/contact","og_site_name":"Cospetica","article_modified_time":"2025-10-01T08:00:59+00:00","og_image":[{"width":2000,"height":1331,"url":"https:\/\/cospetica.com\/wp-content\/uploads\/2025\/10\/shutterstock_2159352299.jpg","type":"image\/jpeg"}],"twitter_card":"summary_large_image","twitter_misc":{"Dur\u00e9e de lecture estim\u00e9e":"1 minute"},"schema":{"@context":"https:\/\/schema.org","@graph":[{"@type":"WebPage","@id":"https:\/\/cospetica.com\/?page_id=345","url":"https:\/\/cospetica.com\/contact","name":"Contact - Cospetica","isPartOf":{"@id":"https:\/\/cospetica.com\/#website"},"primaryImageOfPage":{"@id":"https:\/\/cospetica.com\/contact#primaryimage"},"image":{"@id":"https:\/\/cospetica.com\/contact#primaryimage"},"thumbnailUrl":"https:\/\/cospetica.com\/wp-content\/uploads\/2025\/10\/shutterstock_2159352299.jpg","datePublished":"2025-09-23T08:24:43+00:00","dateModified":"2025-10-01T08:00:59+00:00","description":"Vous souhaitez lancer votre marque de cosm\u00e9tiques pour animaux ? D\u00e9velopper votre gamme pet care ? N\u2019h\u00e9sitez pas \u00e0 nous contacter !","breadcrumb":{"@id":"https:\/\/cospetica.com\/contact#breadcrumb"},"inLanguage":"fr-FR","potentialAction":[{"@type":"ReadAction","target":["https:\/\/cospetica.com\/contact"]}]},{"@type":"ImageObject","inLanguage":"fr-FR","@id":"https:\/\/cospetica.com\/contact#primaryimage","url":"https:\/\/cospetica.com\/wp-content\/uploads\/2025\/10\/shutterstock_2159352299.jpg","contentUrl":"https:\/\/cospetica.com\/wp-content\/uploads\/2025\/10\/shutterstock_2159352299.jpg","width":2000,"height":1331,"caption":"Cospetica, soci\u00e9t\u00e9 qui vous accompagne dans la cr\u00e9ation de produits cosm\u00e9tiques pour animaux."},{"@type":"BreadcrumbList","@id":"https:\/\/cospetica.com\/contact#breadcrumb","itemListElement":[{"@type":"ListItem","position":1,"name":"Accueil","item":"https:\/\/cospetica.com\/"},{"@type":"ListItem","position":2,"name":"Contact"}]},{"@type":"WebSite","@id":"https:\/\/cospetica.com\/#website","url":"https:\/\/cospetica.com\/","name":"Cospetica","description":"","publisher":{"@id":"https:\/\/cospetica.com\/#organization"},"potentialAction":[{"@type":"SearchAction","target":{"@type":"EntryPoint","urlTemplate":"https:\/\/cospetica.com\/?s={search_term_string}"},"query-input":{"@type":"PropertyValueSpecification","valueRequired":true,"valueName":"search_term_string"}}],"inLanguage":"fr-FR"},{"@type":"Organization","@id":"https:\/\/cospetica.com\/#organization","name":"Cospetica","url":"https:\/\/cospetica.com\/","logo":{"@type":"ImageObject","inLanguage":"fr-FR","@id":"https:\/\/cospetica.com\/#\/schema\/logo\/image\/","url":"https:\/\/cospetica.com\/wp-content\/uploads\/2025\/09\/COSPETICA-BLEU-scaled-e1758189321100.png","contentUrl":"https:\/\/cospetica.com\/wp-content\/uploads\/2025\/09\/COSPETICA-BLEU-scaled-e1758189321100.png","width":190,"height":53,"caption":"Cospetica"},"image":{"@id":"https:\/\/cospetica.com\/#\/schema\/logo\/image\/"}}]}},"_links":{"self":[{"href":"https:\/\/cospetica.com\/index.php?rest_route=\/wp\/v2\/pages\/345","targetHints":{"allow":["GET"]}}],"collection":[{"href":"https:\/\/cospetica.com\/index.php?rest_route=\/wp\/v2\/pages"}],"about":[{"href":"https:\/\/cospetica.com\/index.php?rest_route=\/wp\/v2\/types\/page"}],"author":[{"embeddable":true,"href":"https:\/\/cospetica.com\/index.php?rest_route=\/wp\/v2\/users\/2"}],"replies":[{"embeddable":true,"href":"https:\/\/cospetica.com\/index.php?rest_route=%2Fwp%2Fv2%2Fcomments&post=345"}],"version-history":[{"count":14,"href":"https:\/\/cospetica.com\/index.php?rest_route=\/wp\/v2\/pages\/345\/revisions"}],"predecessor-version":[{"id":559,"href":"https:\/\/cospetica.com\/index.php?rest_route=\/wp\/v2\/pages\/345\/revisions\/559"}],"wp:featuredmedia":[{"embeddable":true,"href":"https:\/\/cospetica.com\/index.php?rest_route=\/wp\/v2\/media\/560"}],"wp:attachment":[{"href":"https:\/\/cospetica.com\/index.php?rest_route=%2Fwp%2Fv2%2Fmedia&parent=345"}],"curies":[{"name":"wp","href":"https:\/\/api.w.org\/{rel}","templated":true}]}}